{"id":571,"date":"2020-09-28T16:52:38","date_gmt":"2020-09-28T14:52:38","guid":{"rendered":"http:\/\/poie.uw.edu.pl\/?page_id=571"},"modified":"2020-11-12T09:28:30","modified_gmt":"2020-11-12T08:28:30","slug":"szwecja","status":"publish","type":"page","link":"http:\/\/poie.uw.edu.pl\/en\/szwecja\/","title":{"rendered":"Sweden"},"content":{"rendered":"<p>Nowak W. 2019. <em>Polskie organizacje imigranckie w Szwecji \u2013 raport z analizy danych zastanych<\/em>, O\u015brodek Bada\u0144 nad Migracjami UW, Warszawa. <a class=\"download-link\" title=\"\n\t\" href=\"http:\/\/poie.uw.edu.pl\/en\/download\/775\/?tmstv=1776900242\" rel=\"nofollow\">\n\tPobierz\t(75 pobra\u0144)\n<\/a>\n\n<p>Nowak W. 2019. <em>Polskie organizacje imigranckie <\/em><em>w Szwecji <\/em><em>\u2013 raport z badania przedstawicieli instytucji<\/em>, O\u015brodek Bada\u0144 nad Migracjami UW, Warszawa. <a class=\"download-link\" title=\"\n\t\" href=\"http:\/\/poie.uw.edu.pl\/en\/download\/778\/?tmstv=1776900242\" rel=\"nofollow\">\n\tPobierz\t(70 pobra\u0144)\n<\/a>\n\n<p>Nowak W. 2019. <em>Polskie organizacje imigranckie w Szwecji \u2013 raport z badania ekspert\u00f3w<\/em>, O\u015brodek Bada\u0144 nad Migracjami UW, Warszawa. <a class=\"download-link\" title=\"\n\t\" href=\"http:\/\/poie.uw.edu.pl\/en\/download\/781\/?tmstv=1776900242\" rel=\"nofollow\">\n\tPobierz\t(58 pobra\u0144)\n<\/a>\n\n<p>Nowak W. 2019. <em>Polskie organizacje imigranckie w Szwecji \u2013 raport ze studi\u00f3w przypadku<\/em>, O\u015brodek Bada\u0144 nad Migracjami UW, Warszawa. <a class=\"download-link\" title=\"\n\t\" href=\"http:\/\/poie.uw.edu.pl\/en\/download\/784\/?tmstv=1776900242\" rel=\"nofollow\">\n\tPobierz\t(68 pobra\u0144)\n<\/a>\n\n<p>Cichocki P., Nowak W., Pluci\u0144ska-Nowak M. 2020. <em><span class=\"fontstyle0\">Polskie organizacje imigranckie <\/span><span class=\"fontstyle2\">w Szwecji <\/span><span class=\"fontstyle0\">\u2013 pr\u00f3ba diagnozy kondycji i jej uwarunkowa\u0144<\/span><\/em>, O\u015brodek Bada\u0144 nad Migracjami UW, Warszawa. <a class=\"download-link\" title=\"\n\t\" href=\"http:\/\/poie.uw.edu.pl\/en\/download\/859\/?tmstv=1776900242\" rel=\"nofollow\">\n\tPobierz\t(79 pobra\u0144)\n<\/a>\n\n","protected":false},"excerpt":{"rendered":"<p>Nowak W. 2019. Polskie organizacje imigranckie w Szwecji \u2013 raport z analizy danych zastanych, O\u015brodek Bada\u0144 nad Migracjami UW, Warszawa. Nowak W. 2019. Polskie organizacje imigranckie w Szwecji \u2013 raport z badania przedstawicieli instytucji, O\u015brodek Bada\u0144 nad Migracjami UW, Warszawa. Nowak W. 2019. Polskie organizacje imigranckie w Szwecji \u2013 raport z badania ekspert\u00f3w, O\u015brodek Bada\u0144\u2026 <span class=\"read-more\"><a href=\"http:\/\/poie.uw.edu.pl\/en\/szwecja\/\">Read More &raquo;<\/a><\/span><\/p>\n","protected":false},"author":636,"featured_media":0,"parent":0,"menu_order":0,"comment_status":"closed","ping_status":"closed","template":"page-templates\/full-width.php","meta":{"ngg_post_thumbnail":0,"_links_to":"","_links_to_target":""},"acf":[],"_links":{"self":[{"href":"http:\/\/poie.uw.edu.pl\/en\/wp-json\/wp\/v2\/pages\/571"}],"collection":[{"href":"http:\/\/poie.uw.edu.pl\/en\/wp-json\/wp\/v2\/pages"}],"about":[{"href":"http:\/\/poie.uw.edu.pl\/en\/wp-json\/wp\/v2\/types\/page"}],"author":[{"embeddable":true,"href":"http:\/\/poie.uw.edu.pl\/en\/wp-json\/wp\/v2\/users\/636"}],"replies":[{"embeddable":true,"href":"http:\/\/poie.uw.edu.pl\/en\/wp-json\/wp\/v2\/comments?post=571"}],"version-history":[{"count":9,"href":"http:\/\/poie.uw.edu.pl\/en\/wp-json\/wp\/v2\/pages\/571\/revisions"}],"predecessor-version":[{"id":861,"href":"http:\/\/poie.uw.edu.pl\/en\/wp-json\/wp\/v2\/pages\/571\/revisions\/861"}],"wp:attachment":[{"href":"http:\/\/poie.uw.edu.pl\/en\/wp-json\/wp\/v2\/media?parent=571"}],"curies":[{"name":"wp","href":"https:\/\/api.w.org\/{rel}","templated":true}]}}